{"id":93,"date":"2014-05-26T15:15:20","date_gmt":"2014-05-26T15:15:20","guid":{"rendered":"http:\/\/wpresidence.net\/?page_id=93"},"modified":"2014-05-26T15:15:20","modified_gmt":"2014-05-26T15:15:20","slug":"todos-os-imoveis","status":"publish","type":"page","link":"https:\/\/daniloimoveisrio.com.br\/en\/todos-os-imoveis\/","title":{"rendered":"Todos os Im\u00f3veis"},"content":{"rendered":"","protected":false},"excerpt":{"rendered":"","protected":false},"author":1,"featured_media":0,"parent":0,"menu_order":0,"comment_status":"open","ping_status":"open","template":"page-templates\/property_list.php","meta":{"inline_featured_image":false,"_joinchat":[],"footnotes":""},"class_list":["post-93","page","type-page","status-publish","hentry"],"yoast_head":"<!-- This site is optimized with the Yoast SEO Premium plugin v26.8 (Yoast SEO v27.1.1) - https:\/\/yoast.com\/product\/yoast-seo-premium-wordpress\/ -->\n<title>Todos os Im\u00f3veis - Danilo Im\u00f3veis Rio<\/title>\n<meta name=\"robots\" content=\"index, follow, max-snippet:-1, max-image-preview:large, max-video-preview:-1\" \/>\n<link rel=\"canonical\" href=\"https:\/\/daniloimoveisrio.com.br\/en\/todos-os-imoveis\/\" \/>\n<meta property=\"og:locale\" content=\"en_US\" \/>\n<meta property=\"og:type\" content=\"article\" \/>\n<meta property=\"og:title\" content=\"Todos os Im\u00f3veis\" \/>\n<meta property=\"og:url\" content=\"https:\/\/daniloimoveisrio.com.br\/en\/todos-os-imoveis\/\" \/>\n<meta property=\"og:site_name\" content=\"Danilo Im\u00f3veis Rio\" \/>\n<meta property=\"og:image\" content=\"https:\/\/daniloimoveisrio.com.br\/wp-content\/uploads\/2026\/01\/01251-Cover.jpg\" \/>\n\t<meta property=\"og:image:width\" content=\"1908\" \/>\n\t<meta property=\"og:image:height\" content=\"1080\" \/>\n\t<meta property=\"og:image:type\" content=\"image\/jpeg\" \/>\n<meta name=\"twitter:card\" content=\"summary_large_image\" \/>\n<script type=\"application\/ld+json\" class=\"yoast-schema-graph\">{\"@context\":\"https:\/\/schema.org\",\"@graph\":[{\"@type\":\"WebPage\",\"@id\":\"https:\/\/daniloimoveisrio.com.br\/todos-os-imoveis\/\",\"url\":\"https:\/\/daniloimoveisrio.com.br\/todos-os-imoveis\/\",\"name\":\"Todos os Im\u00f3veis - Danilo Im\u00f3veis Rio\",\"isPartOf\":{\"@id\":\"https:\/\/daniloimoveisrio.com.br\/#website\"},\"datePublished\":\"2014-05-26T15:15:20+00:00\",\"breadcrumb\":{\"@id\":\"https:\/\/daniloimoveisrio.com.br\/todos-os-imoveis\/#breadcrumb\"},\"inLanguage\":\"en-US\",\"potentialAction\":[{\"@type\":\"ReadAction\",\"target\":[\"https:\/\/daniloimoveisrio.com.br\/todos-os-imoveis\/\"]}]},{\"@type\":\"BreadcrumbList\",\"@id\":\"https:\/\/daniloimoveisrio.com.br\/todos-os-imoveis\/#breadcrumb\",\"itemListElement\":[{\"@type\":\"ListItem\",\"position\":1,\"name\":\"Home\",\"item\":\"https:\/\/daniloimoveisrio.com.br\/\"},{\"@type\":\"ListItem\",\"position\":2,\"name\":\"Todos os Im\u00f3veis\"}]},{\"@type\":\"WebSite\",\"@id\":\"https:\/\/daniloimoveisrio.com.br\/#website\",\"url\":\"https:\/\/daniloimoveisrio.com.br\/\",\"name\":\"Danilo Im\u00f3veis Rio\",\"description\":\"Im\u00f3veis selecionados nas melhores regi\u00f5es  do Rio de Janeiro\",\"publisher\":{\"@id\":\"https:\/\/daniloimoveisrio.com.br\/#\/schema\/person\/388461dfb37a097a6c1769cdff15f0b9\"},\"alternateName\":\"Danilo Corretor de Im\u00f3veis no Rio de Janeiro\",\"potentialAction\":[{\"@type\":\"SearchAction\",\"target\":{\"@type\":\"EntryPoint\",\"urlTemplate\":\"https:\/\/daniloimoveisrio.com.br\/?s={search_term_string}\"},\"query-input\":{\"@type\":\"PropertyValueSpecification\",\"valueRequired\":true,\"valueName\":\"search_term_string\"}}],\"inLanguage\":\"en-US\"},{\"@type\":[\"Person\",\"Organization\"],\"@id\":\"https:\/\/daniloimoveisrio.com.br\/#\/schema\/person\/388461dfb37a097a6c1769cdff15f0b9\",\"name\":\"imoveisriodanilo@gmail.com\",\"image\":{\"@type\":\"ImageObject\",\"inLanguage\":\"en-US\",\"@id\":\"https:\/\/daniloimoveisrio.com.br\/#\/schema\/person\/image\/\",\"url\":\"https:\/\/daniloimoveisrio.com.br\/wp-content\/uploads\/2025\/07\/favicon2-1.jpg\",\"contentUrl\":\"https:\/\/daniloimoveisrio.com.br\/wp-content\/uploads\/2025\/07\/favicon2-1.jpg\",\"width\":249,\"height\":276,\"caption\":\"imoveisriodanilo@gmail.com\"},\"logo\":{\"@id\":\"https:\/\/daniloimoveisrio.com.br\/#\/schema\/person\/image\/\"},\"sameAs\":[\"http:\/\/daniloimoveisrio.com.br\"],\"publishingPrinciples\":\"https:\/\/daniloimoveisrio.com.br\/dashboard-favorite-properties\/\",\"ownershipFundingInfo\":\"https:\/\/daniloimoveisrio.com.br\/property-submit-front\/\",\"actionableFeedbackPolicy\":\"https:\/\/daniloimoveisrio.com.br\/property-submit-front\/\",\"correctionsPolicy\":\"https:\/\/daniloimoveisrio.com.br\/dashboard-profile-page\/\"}]}<\/script>\n<!-- \/ Yoast SEO Premium plugin. -->","yoast_head_json":{"title":"Todos os Im\u00f3veis - Danilo Im\u00f3veis Rio","robots":{"index":"index","follow":"follow","max-snippet":"max-snippet:-1","max-image-preview":"max-image-preview:large","max-video-preview":"max-video-preview:-1"},"canonical":"https:\/\/daniloimoveisrio.com.br\/en\/todos-os-imoveis\/","og_locale":"en_US","og_type":"article","og_title":"Todos os Im\u00f3veis","og_url":"https:\/\/daniloimoveisrio.com.br\/en\/todos-os-imoveis\/","og_site_name":"Danilo Im\u00f3veis Rio","og_image":[{"width":1908,"height":1080,"url":"https:\/\/daniloimoveisrio.com.br\/wp-content\/uploads\/2026\/01\/01251-Cover.jpg","type":"image\/jpeg"}],"twitter_card":"summary_large_image","schema":{"@context":"https:\/\/schema.org","@graph":[{"@type":"WebPage","@id":"https:\/\/daniloimoveisrio.com.br\/todos-os-imoveis\/","url":"https:\/\/daniloimoveisrio.com.br\/todos-os-imoveis\/","name":"Todos os Im\u00f3veis - Danilo Im\u00f3veis Rio","isPartOf":{"@id":"https:\/\/daniloimoveisrio.com.br\/#website"},"datePublished":"2014-05-26T15:15:20+00:00","breadcrumb":{"@id":"https:\/\/daniloimoveisrio.com.br\/todos-os-imoveis\/#breadcrumb"},"inLanguage":"en-US","potentialAction":[{"@type":"ReadAction","target":["https:\/\/daniloimoveisrio.com.br\/todos-os-imoveis\/"]}]},{"@type":"BreadcrumbList","@id":"https:\/\/daniloimoveisrio.com.br\/todos-os-imoveis\/#breadcrumb","itemListElement":[{"@type":"ListItem","position":1,"name":"Home","item":"https:\/\/daniloimoveisrio.com.br\/"},{"@type":"ListItem","position":2,"name":"Todos os Im\u00f3veis"}]},{"@type":"WebSite","@id":"https:\/\/daniloimoveisrio.com.br\/#website","url":"https:\/\/daniloimoveisrio.com.br\/","name":"Danilo Im\u00f3veis Rio","description":"Im\u00f3veis selecionados nas melhores regi\u00f5es  do Rio de Janeiro","publisher":{"@id":"https:\/\/daniloimoveisrio.com.br\/#\/schema\/person\/388461dfb37a097a6c1769cdff15f0b9"},"alternateName":"Danilo Corretor de Im\u00f3veis no Rio de Janeiro","potentialAction":[{"@type":"SearchAction","target":{"@type":"EntryPoint","urlTemplate":"https:\/\/daniloimoveisrio.com.br\/?s={search_term_string}"},"query-input":{"@type":"PropertyValueSpecification","valueRequired":true,"valueName":"search_term_string"}}],"inLanguage":"en-US"},{"@type":["Person","Organization"],"@id":"https:\/\/daniloimoveisrio.com.br\/#\/schema\/person\/388461dfb37a097a6c1769cdff15f0b9","name":"imoveisriodanilo@gmail.com","image":{"@type":"ImageObject","inLanguage":"en-US","@id":"https:\/\/daniloimoveisrio.com.br\/#\/schema\/person\/image\/","url":"https:\/\/daniloimoveisrio.com.br\/wp-content\/uploads\/2025\/07\/favicon2-1.jpg","contentUrl":"https:\/\/daniloimoveisrio.com.br\/wp-content\/uploads\/2025\/07\/favicon2-1.jpg","width":249,"height":276,"caption":"imoveisriodanilo@gmail.com"},"logo":{"@id":"https:\/\/daniloimoveisrio.com.br\/#\/schema\/person\/image\/"},"sameAs":["http:\/\/daniloimoveisrio.com.br"],"publishingPrinciples":"https:\/\/daniloimoveisrio.com.br\/dashboard-favorite-properties\/","ownershipFundingInfo":"https:\/\/daniloimoveisrio.com.br\/property-submit-front\/","actionableFeedbackPolicy":"https:\/\/daniloimoveisrio.com.br\/property-submit-front\/","correctionsPolicy":"https:\/\/daniloimoveisrio.com.br\/dashboard-profile-page\/"}]}},"_hostinger_reach_plugin_has_subscription_block":false,"_hostinger_reach_plugin_is_elementor":false,"_links":{"self":[{"href":"https:\/\/daniloimoveisrio.com.br\/en\/wp-json\/wp\/v2\/pages\/93","targetHints":{"allow":["GET"]}}],"collection":[{"href":"https:\/\/daniloimoveisrio.com.br\/en\/wp-json\/wp\/v2\/pages"}],"about":[{"href":"https:\/\/daniloimoveisrio.com.br\/en\/wp-json\/wp\/v2\/types\/page"}],"author":[{"embeddable":true,"href":"https:\/\/daniloimoveisrio.com.br\/en\/wp-json\/wp\/v2\/users\/1"}],"replies":[{"embeddable":true,"href":"https:\/\/daniloimoveisrio.com.br\/en\/wp-json\/wp\/v2\/comments?post=93"}],"version-history":[{"count":0,"href":"https:\/\/daniloimoveisrio.com.br\/en\/wp-json\/wp\/v2\/pages\/93\/revisions"}],"wp:attachment":[{"href":"https:\/\/daniloimoveisrio.com.br\/en\/wp-json\/wp\/v2\/media?parent=93"}],"curies":[{"name":"wp","href":"https:\/\/api.w.org\/{rel}","templated":true}]}}