{"id":5707,"date":"2015-02-19T09:48:19","date_gmt":"2015-02-19T09:48:19","guid":{"rendered":"http:\/\/demo2.wpresidence.net\/?page_id=5707"},"modified":"2025-10-21T14:16:51","modified_gmt":"2025-10-21T14:16:51","slug":"contate-nos","status":"publish","type":"page","link":"https:\/\/daniloimoveisrio.com.br\/en\/contate-nos\/","title":{"rendered":"Contato"},"content":{"rendered":"<div data-elementor-type=\"wp-page\" data-elementor-id=\"5707\" class=\"elementor elementor-5707\" data-elementor-post-type=\"page\">\n\t\t\t\t<div class=\"elementor-element elementor-element-74af49f9 e-flex e-con-boxed e-con e-parent\" data-id=\"74af49f9\" data-element_type=\"container\" data-e-type=\"container\">\n\t\t\t\t\t<div class=\"e-con-inner\">\n\t\t\t\t<div class=\"elementor-element elementor-element-7b938622 elementor-widget elementor-widget-text-editor\" data-id=\"7b938622\" data-element_type=\"widget\" data-e-type=\"widget\" data-widget_type=\"text-editor.default\">\n\t\t\t\t<div class=\"elementor-widget-container\">\n\t\t\t\t\t\t\t\t\t<h2 data-start=\"215\" data-end=\"242\">Fale com Danilo Santos<\/h2><h3 data-start=\"243\" data-end=\"299\">Conex\u00f5es que transformam sonhos em endere\u00e7os reais<\/h3><p data-start=\"301\" data-end=\"549\">Na <strong data-start=\"304\" data-end=\"326\">Danilo Im\u00f3veis Rio<\/strong>, cada contato \u00e9 uma oportunidade de construir hist\u00f3rias.<br data-start=\"383\" data-end=\"386\" \/>Nosso prop\u00f3sito vai muito al\u00e9m da intermedia\u00e7\u00e3o imobili\u00e1ria \u2014 \u00e9 sobre entender pessoas, escutar projetos de vida e transformar objetivos em conquistas concretas.<\/p><p data-start=\"551\" data-end=\"924\">Desde o primeiro atendimento at\u00e9 a assinatura final, prezamos por um padr\u00e3o de <strong data-start=\"630\" data-end=\"655\">excel\u00eancia e inova\u00e7\u00e3o<\/strong>, oferecendo uma experi\u00eancia transparente, \u00e1gil e personalizada. Acreditamos que cada cliente merece aten\u00e7\u00e3o total, orienta\u00e7\u00e3o estrat\u00e9gica e o suporte de quem conhece profundamente o mercado imobili\u00e1rio do <strong data-start=\"861\" data-end=\"879\">Rio de Janeiro<\/strong> \u2014 seja para morar, investir ou empreender.<\/p><p data-start=\"926\" data-end=\"1135\">\ud83d\udcac <strong data-start=\"929\" data-end=\"1012\">Fale conosco e descubra o que significa ser atendido com dedica\u00e7\u00e3o e prop\u00f3sito.<\/strong><br data-start=\"1012\" data-end=\"1015\" \/>Estamos prontos para ajud\u00e1-lo em cada etapa, com clareza, profissionalismo e um compromisso genu\u00edno com o seu sucesso.<\/p><p data-start=\"1137\" data-end=\"1266\">Entre em contato e permita que o <strong data-start=\"1170\" data-end=\"1187\">Danilo Santos<\/strong> e sua equipe acompanhem voc\u00ea na realiza\u00e7\u00e3o do seu pr\u00f3ximo sonho imobili\u00e1rio.<\/p><p data-start=\"1268\" data-end=\"1470\">\ud83d\udcde <strong data-start=\"1271\" data-end=\"1295\">Telefone \/ WhatsApp:<\/strong>\u00a0<br data-start=\"1312\" data-end=\"1315\" \/>\ud83d\udce7 <strong data-start=\"1318\" data-end=\"1329\">E-mail:<\/strong> contato@daniloimoveisrio.com.br<br data-start=\"1346\" data-end=\"1349\" \/>\ud83d\udccd <strong data-start=\"1352\" data-end=\"1379\">Atendimento presencial:<\/strong>\u00a0<br data-start=\"1419\" data-end=\"1422\" \/>\ud83d\udd52 <strong data-start=\"1425\" data-end=\"1437\">Hor\u00e1rio:<\/strong> Segunda a Domingo.\u00a0<\/p><p data-start=\"1472\" data-end=\"1554\"><strong data-start=\"1472\" data-end=\"1494\">Danilo Im\u00f3veis Rio<\/strong><br data-start=\"1494\" data-end=\"1497\" \/><em data-start=\"1497\" data-end=\"1552\">Excel\u00eancia, confian\u00e7a e resultado em cada negocia\u00e7\u00e3o.<\/em><\/p>\t\t\t\t\t\t\t\t<\/div>\n\t\t\t\t<\/div>\n\t\t\t\t\t<\/div>\n\t\t\t\t<\/div>\n\t\t\t\t<\/div>","protected":false},"excerpt":{"rendered":"<p>Fale com Danilo Santos Conex\u00f5es que transformam sonhos em endere\u00e7os reais Na Danilo Im\u00f3veis Rio, cada contato \u00e9 uma oportunidade de construir hist\u00f3rias.Nosso prop\u00f3sito vai muito al\u00e9m da intermedia\u00e7\u00e3o imobili\u00e1ria \u2014 \u00e9 sobre entender pessoas, escutar projetos de vida e transformar objetivos em conquistas concretas. Desde o primeiro atendimento at\u00e9 a assinatura final, prezamos por um padr\u00e3o de excel\u00eancia e inova\u00e7\u00e3o, oferecendo uma experi\u00eancia &#8230;<\/p>","protected":false},"author":1,"featured_media":0,"parent":0,"menu_order":0,"comment_status":"open","ping_status":"open","template":"","meta":{"inline_featured_image":false,"_joinchat":[],"footnotes":""},"class_list":["post-5707","page","type-page","status-publish","hentry"],"yoast_head":"<!-- This site is optimized with the Yoast SEO Premium plugin v26.8 (Yoast SEO v27.1.1) - https:\/\/yoast.com\/product\/yoast-seo-premium-wordpress\/ -->\n<title>Contato - Danilo Im\u00f3veis Rio<\/title>\n<meta name=\"robots\" content=\"index, follow, max-snippet:-1, max-image-preview:large, max-video-preview:-1\" \/>\n<link rel=\"canonical\" href=\"https:\/\/daniloimoveisrio.com.br\/en\/contate-nos\/\" \/>\n<meta property=\"og:locale\" content=\"en_US\" \/>\n<meta property=\"og:type\" content=\"article\" \/>\n<meta property=\"og:title\" content=\"Contato\" \/>\n<meta property=\"og:description\" content=\"Fale com Danilo Santos Conex\u00f5es que transformam sonhos em endere\u00e7os reais Na Danilo Im\u00f3veis Rio, cada contato \u00e9 uma oportunidade de construir hist\u00f3rias.Nosso prop\u00f3sito vai muito al\u00e9m da intermedia\u00e7\u00e3o imobili\u00e1ria \u2014 \u00e9 sobre entender pessoas, escutar projetos de vida e transformar objetivos em conquistas concretas. Desde o primeiro atendimento at\u00e9 a assinatura final, prezamos por um padr\u00e3o de excel\u00eancia e inova\u00e7\u00e3o, oferecendo uma experi\u00eancia ...\" \/>\n<meta property=\"og:url\" content=\"https:\/\/daniloimoveisrio.com.br\/en\/contate-nos\/\" \/>\n<meta property=\"og:site_name\" content=\"Danilo Im\u00f3veis Rio\" \/>\n<meta property=\"article:modified_time\" content=\"2025-10-21T14:16:51+00:00\" \/>\n<meta property=\"og:image\" content=\"https:\/\/daniloimoveisrio.com.br\/wp-content\/uploads\/2026\/01\/01251-Cover.jpg\" \/>\n\t<meta property=\"og:image:width\" content=\"1908\" \/>\n\t<meta property=\"og:image:height\" content=\"1080\" \/>\n\t<meta property=\"og:image:type\" content=\"image\/jpeg\" \/>\n<meta name=\"twitter:card\" content=\"summary_large_image\" \/>\n<meta name=\"twitter:label1\" content=\"Est. reading time\" \/>\n\t<meta name=\"twitter:data1\" content=\"2 minutes\" \/>\n<script type=\"application\/ld+json\" class=\"yoast-schema-graph\">{\"@context\":\"https:\/\/schema.org\",\"@graph\":[{\"@type\":\"WebPage\",\"@id\":\"https:\/\/daniloimoveisrio.com.br\/contate-nos\/\",\"url\":\"https:\/\/daniloimoveisrio.com.br\/contate-nos\/\",\"name\":\"Contato - Danilo Im\u00f3veis Rio\",\"isPartOf\":{\"@id\":\"https:\/\/daniloimoveisrio.com.br\/#website\"},\"datePublished\":\"2015-02-19T09:48:19+00:00\",\"dateModified\":\"2025-10-21T14:16:51+00:00\",\"breadcrumb\":{\"@id\":\"https:\/\/daniloimoveisrio.com.br\/contate-nos\/#breadcrumb\"},\"inLanguage\":\"en-US\",\"potentialAction\":[{\"@type\":\"ReadAction\",\"target\":[\"https:\/\/daniloimoveisrio.com.br\/contate-nos\/\"]}]},{\"@type\":\"BreadcrumbList\",\"@id\":\"https:\/\/daniloimoveisrio.com.br\/contate-nos\/#breadcrumb\",\"itemListElement\":[{\"@type\":\"ListItem\",\"position\":1,\"name\":\"Home\",\"item\":\"https:\/\/daniloimoveisrio.com.br\/\"},{\"@type\":\"ListItem\",\"position\":2,\"name\":\"Contato\"}]},{\"@type\":\"WebSite\",\"@id\":\"https:\/\/daniloimoveisrio.com.br\/#website\",\"url\":\"https:\/\/daniloimoveisrio.com.br\/\",\"name\":\"Danilo Im\u00f3veis Rio\",\"description\":\"Im\u00f3veis selecionados nas melhores regi\u00f5es  do Rio de Janeiro\",\"publisher\":{\"@id\":\"https:\/\/daniloimoveisrio.com.br\/#\/schema\/person\/388461dfb37a097a6c1769cdff15f0b9\"},\"alternateName\":\"Danilo Corretor de Im\u00f3veis no Rio de Janeiro\",\"potentialAction\":[{\"@type\":\"SearchAction\",\"target\":{\"@type\":\"EntryPoint\",\"urlTemplate\":\"https:\/\/daniloimoveisrio.com.br\/?s={search_term_string}\"},\"query-input\":{\"@type\":\"PropertyValueSpecification\",\"valueRequired\":true,\"valueName\":\"search_term_string\"}}],\"inLanguage\":\"en-US\"},{\"@type\":[\"Person\",\"Organization\"],\"@id\":\"https:\/\/daniloimoveisrio.com.br\/#\/schema\/person\/388461dfb37a097a6c1769cdff15f0b9\",\"name\":\"imoveisriodanilo@gmail.com\",\"image\":{\"@type\":\"ImageObject\",\"inLanguage\":\"en-US\",\"@id\":\"https:\/\/daniloimoveisrio.com.br\/#\/schema\/person\/image\/\",\"url\":\"https:\/\/daniloimoveisrio.com.br\/wp-content\/uploads\/2025\/07\/favicon2-1.jpg\",\"contentUrl\":\"https:\/\/daniloimoveisrio.com.br\/wp-content\/uploads\/2025\/07\/favicon2-1.jpg\",\"width\":249,\"height\":276,\"caption\":\"imoveisriodanilo@gmail.com\"},\"logo\":{\"@id\":\"https:\/\/daniloimoveisrio.com.br\/#\/schema\/person\/image\/\"},\"sameAs\":[\"http:\/\/daniloimoveisrio.com.br\"],\"publishingPrinciples\":\"https:\/\/daniloimoveisrio.com.br\/dashboard-favorite-properties\/\",\"ownershipFundingInfo\":\"https:\/\/daniloimoveisrio.com.br\/property-submit-front\/\",\"actionableFeedbackPolicy\":\"https:\/\/daniloimoveisrio.com.br\/property-submit-front\/\",\"correctionsPolicy\":\"https:\/\/daniloimoveisrio.com.br\/dashboard-profile-page\/\"}]}<\/script>\n<!-- \/ Yoast SEO Premium plugin. -->","yoast_head_json":{"title":"Contato - Danilo Im\u00f3veis Rio","robots":{"index":"index","follow":"follow","max-snippet":"max-snippet:-1","max-image-preview":"max-image-preview:large","max-video-preview":"max-video-preview:-1"},"canonical":"https:\/\/daniloimoveisrio.com.br\/en\/contate-nos\/","og_locale":"en_US","og_type":"article","og_title":"Contato","og_description":"Fale com Danilo Santos Conex\u00f5es que transformam sonhos em endere\u00e7os reais Na Danilo Im\u00f3veis Rio, cada contato \u00e9 uma oportunidade de construir hist\u00f3rias.Nosso prop\u00f3sito vai muito al\u00e9m da intermedia\u00e7\u00e3o imobili\u00e1ria \u2014 \u00e9 sobre entender pessoas, escutar projetos de vida e transformar objetivos em conquistas concretas. Desde o primeiro atendimento at\u00e9 a assinatura final, prezamos por um padr\u00e3o de excel\u00eancia e inova\u00e7\u00e3o, oferecendo uma experi\u00eancia ...","og_url":"https:\/\/daniloimoveisrio.com.br\/en\/contate-nos\/","og_site_name":"Danilo Im\u00f3veis Rio","article_modified_time":"2025-10-21T14:16:51+00:00","og_image":[{"width":1908,"height":1080,"url":"https:\/\/daniloimoveisrio.com.br\/wp-content\/uploads\/2026\/01\/01251-Cover.jpg","type":"image\/jpeg"}],"twitter_card":"summary_large_image","twitter_misc":{"Est. reading time":"2 minutes"},"schema":{"@context":"https:\/\/schema.org","@graph":[{"@type":"WebPage","@id":"https:\/\/daniloimoveisrio.com.br\/contate-nos\/","url":"https:\/\/daniloimoveisrio.com.br\/contate-nos\/","name":"Contato - Danilo Im\u00f3veis Rio","isPartOf":{"@id":"https:\/\/daniloimoveisrio.com.br\/#website"},"datePublished":"2015-02-19T09:48:19+00:00","dateModified":"2025-10-21T14:16:51+00:00","breadcrumb":{"@id":"https:\/\/daniloimoveisrio.com.br\/contate-nos\/#breadcrumb"},"inLanguage":"en-US","potentialAction":[{"@type":"ReadAction","target":["https:\/\/daniloimoveisrio.com.br\/contate-nos\/"]}]},{"@type":"BreadcrumbList","@id":"https:\/\/daniloimoveisrio.com.br\/contate-nos\/#breadcrumb","itemListElement":[{"@type":"ListItem","position":1,"name":"Home","item":"https:\/\/daniloimoveisrio.com.br\/"},{"@type":"ListItem","position":2,"name":"Contato"}]},{"@type":"WebSite","@id":"https:\/\/daniloimoveisrio.com.br\/#website","url":"https:\/\/daniloimoveisrio.com.br\/","name":"Danilo Im\u00f3veis Rio","description":"Im\u00f3veis selecionados nas melhores regi\u00f5es  do Rio de Janeiro","publisher":{"@id":"https:\/\/daniloimoveisrio.com.br\/#\/schema\/person\/388461dfb37a097a6c1769cdff15f0b9"},"alternateName":"Danilo Corretor de Im\u00f3veis no Rio de Janeiro","potentialAction":[{"@type":"SearchAction","target":{"@type":"EntryPoint","urlTemplate":"https:\/\/daniloimoveisrio.com.br\/?s={search_term_string}"},"query-input":{"@type":"PropertyValueSpecification","valueRequired":true,"valueName":"search_term_string"}}],"inLanguage":"en-US"},{"@type":["Person","Organization"],"@id":"https:\/\/daniloimoveisrio.com.br\/#\/schema\/person\/388461dfb37a097a6c1769cdff15f0b9","name":"imoveisriodanilo@gmail.com","image":{"@type":"ImageObject","inLanguage":"en-US","@id":"https:\/\/daniloimoveisrio.com.br\/#\/schema\/person\/image\/","url":"https:\/\/daniloimoveisrio.com.br\/wp-content\/uploads\/2025\/07\/favicon2-1.jpg","contentUrl":"https:\/\/daniloimoveisrio.com.br\/wp-content\/uploads\/2025\/07\/favicon2-1.jpg","width":249,"height":276,"caption":"imoveisriodanilo@gmail.com"},"logo":{"@id":"https:\/\/daniloimoveisrio.com.br\/#\/schema\/person\/image\/"},"sameAs":["http:\/\/daniloimoveisrio.com.br"],"publishingPrinciples":"https:\/\/daniloimoveisrio.com.br\/dashboard-favorite-properties\/","ownershipFundingInfo":"https:\/\/daniloimoveisrio.com.br\/property-submit-front\/","actionableFeedbackPolicy":"https:\/\/daniloimoveisrio.com.br\/property-submit-front\/","correctionsPolicy":"https:\/\/daniloimoveisrio.com.br\/dashboard-profile-page\/"}]}},"_hostinger_reach_plugin_has_subscription_block":false,"_hostinger_reach_plugin_is_elementor":false,"_links":{"self":[{"href":"https:\/\/daniloimoveisrio.com.br\/en\/wp-json\/wp\/v2\/pages\/5707","targetHints":{"allow":["GET"]}}],"collection":[{"href":"https:\/\/daniloimoveisrio.com.br\/en\/wp-json\/wp\/v2\/pages"}],"about":[{"href":"https:\/\/daniloimoveisrio.com.br\/en\/wp-json\/wp\/v2\/types\/page"}],"author":[{"embeddable":true,"href":"https:\/\/daniloimoveisrio.com.br\/en\/wp-json\/wp\/v2\/users\/1"}],"replies":[{"embeddable":true,"href":"https:\/\/daniloimoveisrio.com.br\/en\/wp-json\/wp\/v2\/comments?post=5707"}],"version-history":[{"count":6,"href":"https:\/\/daniloimoveisrio.com.br\/en\/wp-json\/wp\/v2\/pages\/5707\/revisions"}],"predecessor-version":[{"id":21027,"href":"https:\/\/daniloimoveisrio.com.br\/en\/wp-json\/wp\/v2\/pages\/5707\/revisions\/21027"}],"wp:attachment":[{"href":"https:\/\/daniloimoveisrio.com.br\/en\/wp-json\/wp\/v2\/media?parent=5707"}],"curies":[{"name":"wp","href":"https:\/\/api.w.org\/{rel}","templated":true}]}}